{"id":12139,"date":"2019-10-06T17:13:16","date_gmt":"2019-10-06T15:13:16","guid":{"rendered":"https:\/\/nyingmatersar.org\/?page_id=12139"},"modified":"2020-01-16T07:07:26","modified_gmt":"2020-01-16T06:07:26","slug":"biografia-kyabje-dungse-shenphen-dawa-norbu-rinpoche","status":"publish","type":"page","link":"https:\/\/nyingmatersar.org\/en\/biografia-kyabje-dungse-shenphen-dawa-norbu-rinpoche\/","title":{"rendered":"Short biography of Kyabj\u00e9 Dungse Shenphen Dawa Norbu Rinpoche"},"content":{"rendered":"<p>Kyabj\u00e9 Dungse Shenphen Dawa Norbu Rinpoche Short biography &nbsp; Kyabj\u00e9 Dungse Shenphen Dawa Norbu Rinpoche was the son of Kyabj\u00e9 Dudjom Rinpoche Jigdrel Yeshe Dorje, one of the most accomplished masters of the 20th century and great spiritual leader of the Tibetan peo <a href=\"https:\/\/nyingmatersar.org\/en\/biografia-kyabje-dungse-shenphen-dawa-norbu-rinpoche\/\" title=\"Read more on Short biography of Kyabj\u00e9 Dungse Shenphen Dawa Norbu Rinpoche\" class=\"more-link\">read more<\/a><\/p>\n","protected":false},"excerpt":{"rendered":"<p>Kyabj\u00e9 Dungse Shenphen Dawa Norbu Rinpoche Short biography &nbsp; Kyabj\u00e9 Dungse Shenphen Dawa Norbu Rinpoche was the son of Kyabj\u00e9 Dudjom Rinpoche Jigdrel Yeshe Dorje, one of the most accomplished masters of the 20th century and great spiritual leader of the Tibetan peo read more<\/p>\n","protected":false},"author":7,"featured_media":3920,"parent":0,"menu_order":0,"comment_status":"closed","ping_status":"closed","template":"","meta":{"footnotes":""},"class_list":["post-12139","page","type-page","status-publish","has-post-thumbnail","hentry","has-thumb"],"_links":{"self":[{"href":"https:\/\/nyingmatersar.org\/en\/wp-json\/wp\/v2\/pages\/12139","targetHints":{"allow":["GET"]}}],"collection":[{"href":"https:\/\/nyingmatersar.org\/en\/wp-json\/wp\/v2\/pages"}],"about":[{"href":"https:\/\/nyingmatersar.org\/en\/wp-json\/wp\/v2\/types\/page"}],"author":[{"embeddable":true,"href":"https:\/\/nyingmatersar.org\/en\/wp-json\/wp\/v2\/users\/7"}],"replies":[{"embeddable":true,"href":"https:\/\/nyingmatersar.org\/en\/wp-json\/wp\/v2\/comments?post=12139"}],"version-history":[{"count":5,"href":"https:\/\/nyingmatersar.org\/en\/wp-json\/wp\/v2\/pages\/12139\/revisions"}],"predecessor-version":[{"id":12242,"href":"https:\/\/nyingmatersar.org\/en\/wp-json\/wp\/v2\/pages\/12139\/revisions\/12242"}],"wp:featuredmedia":[{"embeddable":true,"href":"https:\/\/nyingmatersar.org\/en\/wp-json\/wp\/v2\/media\/3920"}],"wp:attachment":[{"href":"https:\/\/nyingmatersar.org\/en\/wp-json\/wp\/v2\/media?parent=12139"}],"curies":[{"name":"wp","href":"https:\/\/api.w.org\/{rel}","templated":true}]}}