{"id":12324,"date":"2019-10-06T17:13:16","date_gmt":"2019-10-06T15:13:16","guid":{"rendered":"https:\/\/nyingmatersar.org\/?page_id=12324"},"modified":"2020-01-18T15:20:47","modified_gmt":"2020-01-18T14:20:47","slug":"biografia-kyabje-dudjom-rimpoche-jigdrel-yeshe-dorje","status":"publish","type":"page","link":"https:\/\/nyingmatersar.org\/en\/biografia-kyabje-dudjom-rimpoche-jigdrel-yeshe-dorje\/","title":{"rendered":"Kyabj\u00e9 Dudjom Rinpoche, Jigdrel Yeshe Dorje"},"content":{"rendered":"<p>Kyabj\u00e9 Dudjom Rinpoche, Jigdrel Yeshe Dorje Biography &nbsp; Kyabj\u00e9 Dudjom Rinpoche, Jigdrel Yeshe Dorje (1904-87) was appointed by His Holiness Dalai Lama XIV as the first supreme head of the Nyingma tradition of Tibetan Buddhism. He was an enlightened yogi and meditat <a href=\"https:\/\/nyingmatersar.org\/en\/biografia-kyabje-dudjom-rimpoche-jigdrel-yeshe-dorje\/\" title=\"Read more on Kyabj\u00e9 Dudjom Rinpoche, Jigdrel Yeshe Dorje\" class=\"more-link\">read more<\/a><\/p>\n","protected":false},"excerpt":{"rendered":"<p>Kyabj\u00e9 Dudjom Rinpoche, Jigdrel Yeshe Dorje Biography &nbsp; Kyabj\u00e9 Dudjom Rinpoche, Jigdrel Yeshe Dorje (1904-87) was appointed by His Holiness Dalai Lama XIV as the first supreme head of the Nyingma tradition of Tibetan Buddhism. He was an enlightened yogi and meditat read more<\/p>\n","protected":false},"author":7,"featured_media":12780,"parent":0,"menu_order":0,"comment_status":"closed","ping_status":"closed","template":"","meta":{"footnotes":""},"class_list":["post-12324","page","type-page","status-publish","has-post-thumbnail","hentry","has-thumb"],"_links":{"self":[{"href":"https:\/\/nyingmatersar.org\/en\/wp-json\/wp\/v2\/pages\/12324","targetHints":{"allow":["GET"]}}],"collection":[{"href":"https:\/\/nyingmatersar.org\/en\/wp-json\/wp\/v2\/pages"}],"about":[{"href":"https:\/\/nyingmatersar.org\/en\/wp-json\/wp\/v2\/types\/page"}],"author":[{"embeddable":true,"href":"https:\/\/nyingmatersar.org\/en\/wp-json\/wp\/v2\/users\/7"}],"replies":[{"embeddable":true,"href":"https:\/\/nyingmatersar.org\/en\/wp-json\/wp\/v2\/comments?post=12324"}],"version-history":[{"count":7,"href":"https:\/\/nyingmatersar.org\/en\/wp-json\/wp\/v2\/pages\/12324\/revisions"}],"predecessor-version":[{"id":12678,"href":"https:\/\/nyingmatersar.org\/en\/wp-json\/wp\/v2\/pages\/12324\/revisions\/12678"}],"wp:featuredmedia":[{"embeddable":true,"href":"https:\/\/nyingmatersar.org\/en\/wp-json\/wp\/v2\/media\/12780"}],"wp:attachment":[{"href":"https:\/\/nyingmatersar.org\/en\/wp-json\/wp\/v2\/media?parent=12324"}],"curies":[{"name":"wp","href":"https:\/\/api.w.org\/{rel}","templated":true}]}}