{"id":13139,"date":"2020-01-19T13:12:39","date_gmt":"2020-01-19T12:12:39","guid":{"rendered":"https:\/\/nyingmatersar.org\/?page_id=13139"},"modified":"2020-01-23T20:26:48","modified_gmt":"2020-01-23T19:26:48","slug":"photo-gallery","status":"publish","type":"page","link":"https:\/\/nyingmatersar.org\/en\/photo-gallery\/","title":{"rendered":"Photo gallery"},"content":{"rendered":"<p>&nbsp; Photo gallery &nbsp; 4th Dudjom Krodhikali Maha Ganachakra Puja, Nepal, 2019 Kyabj\u00e9 Dudjom Rinpoche Sangye Pema Shepa, Barcelona, 2019 Kyabj\u00e9 Dudjom Rinpoche Sangye Pema Shepa, Lleida, 2019 Mahaparinirvana Dechod of Kyabj\u00e9 Dungse Shenphen Dawa Norbu Rinpoche, Gre <a href=\"https:\/\/nyingmatersar.org\/en\/photo-gallery\/\" title=\"Read more on Photo gallery\" class=\"more-link\">read more<\/a><\/p>\n","protected":false},"excerpt":{"rendered":"<p>&nbsp; Photo gallery &nbsp;<\/p>\n","protected":false},"author":7,"featured_media":0,"parent":0,"menu_order":0,"comment_status":"closed","ping_status":"closed","template":"","meta":{"footnotes":""},"class_list":["post-13139","page","type-page","status-publish","hentry","no-thumb"],"_links":{"self":[{"href":"https:\/\/nyingmatersar.org\/en\/wp-json\/wp\/v2\/pages\/13139","targetHints":{"allow":["GET"]}}],"collection":[{"href":"https:\/\/nyingmatersar.org\/en\/wp-json\/wp\/v2\/pages"}],"about":[{"href":"https:\/\/nyingmatersar.org\/en\/wp-json\/wp\/v2\/types\/page"}],"author":[{"embeddable":true,"href":"https:\/\/nyingmatersar.org\/en\/wp-json\/wp\/v2\/users\/7"}],"replies":[{"embeddable":true,"href":"https:\/\/nyingmatersar.org\/en\/wp-json\/wp\/v2\/comments?post=13139"}],"version-history":[{"count":16,"href":"https:\/\/nyingmatersar.org\/en\/wp-json\/wp\/v2\/pages\/13139\/revisions"}],"predecessor-version":[{"id":13302,"href":"https:\/\/nyingmatersar.org\/en\/wp-json\/wp\/v2\/pages\/13139\/revisions\/13302"}],"wp:attachment":[{"href":"https:\/\/nyingmatersar.org\/en\/wp-json\/wp\/v2\/media?parent=13139"}],"curies":[{"name":"wp","href":"https:\/\/api.w.org\/{rel}","templated":true}]}}