{"id":21990,"date":"2023-09-11T20:15:31","date_gmt":"2023-09-11T18:15:31","guid":{"rendered":"https:\/\/nyingmatersar.org\/?page_id=21990"},"modified":"2023-09-11T21:45:24","modified_gmt":"2023-09-11T19:45:24","slug":"kyabje-dudjom-rinpoche-jigdrel-yeshe-dorje-1904-1987","status":"publish","type":"page","link":"https:\/\/nyingmatersar.org\/en\/kyabje-dudjom-rinpoche-jigdrel-yeshe-dorje-1904-1987\/","title":{"rendered":"Kyabj\u00e9 Dudjom Rinpoche, Jigdrel Yeshe Dorje (1904-1987)"},"content":{"rendered":"<p>Kyabj\u00e9 Dudjom Rinpoche, Jigdrel Yeshe Dorje Kyabj\u00e9 Dudjom Rinpoche, Jigdrel Yeshe Dorje (1904-1987) Kyabj\u00e9 Dudjom Rinpoche, Jigdrel Yeshe Dorje was the supreme spiritual leader of the Nyingma school, from 1960 until his Mahaparinirvana. He was a poet, writer, tert\u00f6n (di <a href=\"https:\/\/nyingmatersar.org\/en\/kyabje-dudjom-rinpoche-jigdrel-yeshe-dorje-1904-1987\/\" title=\"Read more on Kyabj\u00e9 Dudjom Rinpoche, Jigdrel Yeshe Dorje (1904-1987)\" class=\"more-link\">read more<\/a><\/p>\n","protected":false},"excerpt":{"rendered":"<p>Kyabj\u00e9 Dudjom Rinpoche, Jigdrel Yeshe Dorje Kyabj\u00e9 Dudjom Rinpoche, Jigdrel Yeshe Dorje (1904-1987) Kyabj\u00e9 Dudjom Rinpoche, Jigdrel Yeshe Dorje was the supreme spiritual leader of the Nyingma school, from 1960 until his Mahaparinirvana. He was a poet, writer, tert\u00f6n (di read more<\/p>\n","protected":false},"author":5,"featured_media":3892,"parent":0,"menu_order":0,"comment_status":"closed","ping_status":"closed","template":"","meta":{"footnotes":""},"class_list":["post-21990","page","type-page","status-publish","has-post-thumbnail","hentry","has-thumb"],"_links":{"self":[{"href":"https:\/\/nyingmatersar.org\/en\/wp-json\/wp\/v2\/pages\/21990","targetHints":{"allow":["GET"]}}],"collection":[{"href":"https:\/\/nyingmatersar.org\/en\/wp-json\/wp\/v2\/pages"}],"about":[{"href":"https:\/\/nyingmatersar.org\/en\/wp-json\/wp\/v2\/types\/page"}],"author":[{"embeddable":true,"href":"https:\/\/nyingmatersar.org\/en\/wp-json\/wp\/v2\/users\/5"}],"replies":[{"embeddable":true,"href":"https:\/\/nyingmatersar.org\/en\/wp-json\/wp\/v2\/comments?post=21990"}],"version-history":[{"count":4,"href":"https:\/\/nyingmatersar.org\/en\/wp-json\/wp\/v2\/pages\/21990\/revisions"}],"predecessor-version":[{"id":22040,"href":"https:\/\/nyingmatersar.org\/en\/wp-json\/wp\/v2\/pages\/21990\/revisions\/22040"}],"wp:featuredmedia":[{"embeddable":true,"href":"https:\/\/nyingmatersar.org\/en\/wp-json\/wp\/v2\/media\/3892"}],"wp:attachment":[{"href":"https:\/\/nyingmatersar.org\/en\/wp-json\/wp\/v2\/media?parent=21990"}],"curies":[{"name":"wp","href":"https:\/\/api.w.org\/{rel}","templated":true}]}}