{"id":22310,"date":"2023-12-14T14:26:46","date_gmt":"2023-12-14T13:26:46","guid":{"rendered":"https:\/\/nyingmatersar.org\/s-s-dungse-namgay-dawa-rinpoche-ensenanzas-sobre-las-6-paramitas\/"},"modified":"2023-12-15T23:40:02","modified_gmt":"2023-12-15T22:40:02","slug":"h-h-dungse-namgay-dawa-rinpoche-teachings-on-the-six-paramitas","status":"publish","type":"page","link":"https:\/\/nyingmatersar.org\/en\/h-h-dungse-namgay-dawa-rinpoche-teachings-on-the-six-paramitas\/","title":{"rendered":"H. H. Dungse Namgay Dawa Rinpoche Teachings on the Six Paramitas"},"content":{"rendered":"<p>H. H. Dungse Namgay Dawa Rinpoche Teachings on the Six Paramitas 12th October 2023 Torrebesses, Lleida (Spain) S\u00ed, despu\u00e9s de hacer las oraciones de apertura, me voy a presentar brevemente, para aquellas personas que no me conoc\u00e9is. Y para aquellas personas que ya conoc <a href=\"https:\/\/nyingmatersar.org\/en\/h-h-dungse-namgay-dawa-rinpoche-teachings-on-the-six-paramitas\/\" title=\"Read more on H. H. Dungse Namgay Dawa Rinpoche Teachings on the Six Paramitas\" class=\"more-link\">read more<\/a><\/p>\n","protected":false},"excerpt":{"rendered":"<p>H. H. Dungse Namgay Dawa Rinpoche Teachings on the Six Paramitas 12th October 2023 Torrebesses, Lleida (Spain) S\u00ed, despu\u00e9s de hacer las oraciones de apertura, me voy a presentar brevemente, para aquellas personas que no me conoc\u00e9is. Y para aquellas personas que ya conoc read more<\/p>\n","protected":false},"author":5,"featured_media":22301,"parent":0,"menu_order":0,"comment_status":"closed","ping_status":"closed","template":"","meta":{"footnotes":""},"class_list":["post-22310","page","type-page","status-publish","has-post-thumbnail","hentry","has-thumb"],"_links":{"self":[{"href":"https:\/\/nyingmatersar.org\/en\/wp-json\/wp\/v2\/pages\/22310","targetHints":{"allow":["GET"]}}],"collection":[{"href":"https:\/\/nyingmatersar.org\/en\/wp-json\/wp\/v2\/pages"}],"about":[{"href":"https:\/\/nyingmatersar.org\/en\/wp-json\/wp\/v2\/types\/page"}],"author":[{"embeddable":true,"href":"https:\/\/nyingmatersar.org\/en\/wp-json\/wp\/v2\/users\/5"}],"replies":[{"embeddable":true,"href":"https:\/\/nyingmatersar.org\/en\/wp-json\/wp\/v2\/comments?post=22310"}],"version-history":[{"count":8,"href":"https:\/\/nyingmatersar.org\/en\/wp-json\/wp\/v2\/pages\/22310\/revisions"}],"predecessor-version":[{"id":22340,"href":"https:\/\/nyingmatersar.org\/en\/wp-json\/wp\/v2\/pages\/22310\/revisions\/22340"}],"wp:featuredmedia":[{"embeddable":true,"href":"https:\/\/nyingmatersar.org\/en\/wp-json\/wp\/v2\/media\/22301"}],"wp:attachment":[{"href":"https:\/\/nyingmatersar.org\/en\/wp-json\/wp\/v2\/media?parent=22310"}],"curies":[{"name":"wp","href":"https:\/\/api.w.org\/{rel}","templated":true}]}}